{"id":1773,"date":"2023-01-27T17:54:29","date_gmt":"2023-01-27T20:54:29","guid":{"rendered":"https:\/\/web2.tfactura.io\/world\/?page_id=1773"},"modified":"2023-02-08T11:08:02","modified_gmt":"2023-02-08T14:08:02","slug":"ventas","status":"publish","type":"page","link":"https:\/\/web.tfactura.io\/world\/funcionalidades\/ventas\/","title":{"rendered":"Ventas"},"content":{"rendered":"\t\t<div data-elementor-type=\"wp-page\" data-elementor-id=\"1773\" class=\"elementor elementor-1773\" data-elementor-post-type=\"page\">\n\t\t\t\t\t\t<section class=\"elementor-section elementor-top-section elementor-element elementor-element-a9a7664 elementor-section-height-min-height elementor-section-boxed elementor-section-height-default elementor-section-items-middle\" data-id=\"a9a7664\" data-element_type=\"section\">\n\t\t\t\t\t\t<div class=\"elementor-container elementor-column-gap-default\">\n\t\t\t\t\t<div class=\"elementor-column elementor-col-50 elementor-top-column elementor-element elementor-element-a827305\" data-id=\"a827305\" data-element_type=\"column\">\n\t\t\t<div class=\"elementor-widget-wrap elementor-element-populated\">\n\t\t\t\t\t\t<div class=\"elementor-element elementor-element-44b5921 e-transform elementor-widget elementor-widget-image\" data-id=\"44b5921\" data-element_type=\"widget\" data-settings=\"{&quot;_transform_scale_effect&quot;:{&quot;unit&quot;:&quot;px&quot;,&quot;size&quot;:&quot;&quot;,&quot;sizes&quot;:[]},&quot;_transform_scale_effect_tablet&quot;:{&quot;unit&quot;:&quot;px&quot;,&quot;size&quot;:&quot;&quot;,&quot;sizes&quot;:[]},&quot;_transform_scale_effect_mobile&quot;:{&quot;unit&quot;:&quot;px&quot;,&quot;size&quot;:&quot;&quot;,&quot;sizes&quot;:[]}}\" data-widget_type=\"image.default\">\n\t\t\t\t<div class=\"elementor-widget-container\">\n\t\t\t\t\t\t\t\t\t\t\t\t\t\t\t<img fetchpriority=\"high\" decoding=\"async\" width=\"1024\" height=\"1024\" src=\"\/wp-content\/uploads\/sites\/6\/2023\/01\/ico_ventas.svg\" class=\"attachment-large size-large wp-image-1861\" alt=\"\" \/>\t\t\t\t\t\t\t\t\t\t\t\t\t\t\t<\/div>\n\t\t\t\t<\/div>\n\t\t\t\t<div class=\"elementor-element elementor-element-a6df7a3 elementor-widget elementor-widget-heading\" data-id=\"a6df7a3\" data-element_type=\"widget\" data-widget_type=\"heading.default\">\n\t\t\t\t<div class=\"elementor-widget-container\">\n\t\t\t\t\t<h4 class=\"elementor-heading-title elementor-size-default\">Ventas<\/h4>\t\t\t\t<\/div>\n\t\t\t\t<\/div>\n\t\t\t\t\t<\/div>\n\t\t<\/div>\n\t\t\t\t<div class=\"elementor-column elementor-col-50 elementor-top-column elementor-element elementor-element-2fdf944\" data-id=\"2fdf944\" data-element_type=\"column\">\n\t\t\t<div class=\"elementor-widget-wrap elementor-element-populated\">\n\t\t\t\t\t\t<div class=\"elementor-element elementor-element-f9d14d5 bullets elementor-widget elementor-widget-text-editor\" data-id=\"f9d14d5\" data-element_type=\"widget\" data-widget_type=\"text-editor.default\">\n\t\t\t\t<div class=\"elementor-widget-container\">\n\t\t\t\t\t\t\t\t\t<ul><li>Facturas, notas de d\u00e9bito, notas de cr\u00e9dito y recibos-facturas A, B, C, M y T (electr\u00f3nicos y\/o preimpresos).<\/li><li>Facturaci\u00f3n autom\u00e1tica para tiendas online.<\/li><li>Facturas de cr\u00e9dito electr\u00f3nicas MiPyME (Ley 27440).<\/li><li>Facturas de exportaci\u00f3n.<\/li><li>Presupuestos con aprobaci\u00f3n y facturaci\u00f3n total o parcial.<\/li><li>Impresi\u00f3n de comprobantes en formato ticket (comandera 80 mm) o A4.<\/li><li>Env\u00edo autom\u00e1tico y masivo de comprobantes por correo electr\u00f3nico.<\/li><li>Posibilidad de incluir link de pago de Mercado Pago en las facturas emitidas.<\/li><li>Puntos de venta no electr\u00f3nicos.<\/li><li>M\u00faltiples monedas.<\/li><li>Listas de precios.<\/li><li>Remitos (no electr\u00f3nicos).<\/li><li>Tickets de cambio.<\/li><li>Notas de d\u00e9bito por diferencia de cambio.<\/li><li>Facturaci\u00f3n masiva de abonos quincenales o mensuales.<\/li><li>Acceso a colaboradores con roles espec\u00edficos.<\/li><\/ul>\t\t\t\t\t\t\t\t<\/div>\n\t\t\t\t<\/div>\n\t\t\t\t\t<\/div>\n\t\t<\/div>\n\t\t\t\t\t<\/div>\n\t\t<\/section>\n\t\t\t\t<section class=\"elementor-section elementor-top-section elementor-element elementor-element-b80cd98 elementor-section-full_width elementor-section-height-default elementor-section-height-default\" data-id=\"b80cd98\" data-element_type=\"section\">\n\t\t\t\t\t\t<div class=\"elementor-container elementor-column-gap-default\">\n\t\t\t\t\t<div class=\"elementor-column elementor-col-100 elementor-top-column elementor-element elementor-element-cf51cb8\" data-id=\"cf51cb8\" data-element_type=\"column\">\n\t\t\t<div class=\"elementor-widget-wrap elementor-element-populated\">\n\t\t\t\t\t\t<div class=\"elementor-element elementor-element-a09715d estirar elementor-widget elementor-widget-heading\" data-id=\"a09715d\" data-element_type=\"widget\" data-widget_type=\"heading.default\">\n\t\t\t\t<div class=\"elementor-widget-container\">\n\t\t\t\t\t<h1 class=\"elementor-heading-title elementor-size-default\">Funcionalidades<\/h1>\t\t\t\t<\/div>\n\t\t\t\t<\/div>\n\t\t\t\t\t<\/div>\n\t\t<\/div>\n\t\t\t\t\t<\/div>\n\t\t<\/section>\n\t\t\t\t<section class=\"elementor-section elementor-top-section elementor-element elementor-element-267c980 elementor-section-full_width elementor-section-height-default elementor-section-height-default\" data-id=\"267c980\" data-element_type=\"section\">\n\t\t\t\t\t\t<div class=\"elementor-container elementor-column-gap-default\">\n\t\t\t\t\t<div class=\"elementor-column elementor-col-100 elementor-top-column elementor-element elementor-element-ce2051e\" data-id=\"ce2051e\" data-element_type=\"column\">\n\t\t\t<div class=\"elementor-widget-wrap elementor-element-populated\">\n\t\t\t\t\t\t<div class=\"elementor-element elementor-element-93fb439 elementor-widget elementor-widget-template\" data-id=\"93fb439\" data-element_type=\"widget\" data-widget_type=\"template.default\">\n\t\t\t\t<div class=\"elementor-widget-container\">\n\t\t\t\t\t\t\t<div class=\"elementor-template\">\n\t\t\t\t\t<div data-elementor-type=\"section\" data-elementor-id=\"1876\" class=\"elementor elementor-1876\" data-elementor-post-type=\"elementor_library\">\n\t\t\t\t\t<section class=\"elementor-section elementor-top-section elementor-element elementor-element-62a807ce elementor-section-boxed elementor-section-height-default elementor-section-height-default\" data-id=\"62a807ce\" data-element_type=\"section\" data-settings=\"{&quot;background_background&quot;:&quot;classic&quot;}\">\n\t\t\t\t\t\t<div class=\"elementor-container elementor-column-gap-default\">\n\t\t\t\t\t<div class=\"elementor-column elementor-col-100 elementor-top-column elementor-element elementor-element-5f027cf2\" data-id=\"5f027cf2\" data-element_type=\"column\">\n\t\t\t<div class=\"elementor-widget-wrap elementor-element-populated\">\n\t\t\t\t\t\t<div class=\"elementor-element elementor-element-5931369d elementor-widget elementor-widget-heading\" data-id=\"5931369d\" data-element_type=\"widget\" data-widget_type=\"heading.default\">\n\t\t\t\t<div class=\"elementor-widget-container\">\n\t\t\t\t\t<h3 class=\"elementor-heading-title elementor-size-default\">Conoc\u00e9 todas nuestras funcionalidades<\/h3>\t\t\t\t<\/div>\n\t\t\t\t<\/div>\n\t\t\t\t<div class=\"elementor-element elementor-element-54d1d4ef elementor-widget elementor-widget-html\" data-id=\"54d1d4ef\" data-element_type=\"widget\" data-widget_type=\"html.default\">\n\t\t\t\t<div class=\"elementor-widget-container\">\n\t\t\t\t\t<style>.swiper-slide-image{cursor: pointer;} <\/style>\r\n\r\n<script>\r\ndocument.addEventListener('DOMContentLoaded', function () {\r\n\r\n\/* Modifica los enlaces en orden de las imagenes *\/\r\nlet links = [\r\n    'https:\/\/web.tfactura.io\/ar\/funcionalidades\/compras',\r\n    'https:\/\/web.tfactura.io\/ar\/funcionalidades\/ventas',\r\n    'https:\/\/web.tfactura.io\/ar\/funcionalidades\/control-stock',\r\n    'https:\/\/web.tfactura.io\/ar\/funcionalidades\/cuenta-corriente',\r\n    'https:\/\/web.tfactura.io\/ar\/funcionalidades\/tesoreria',\r\n    'https:\/\/web.tfactura.io\/ar\/funcionalidades\/impuestos',\r\n    'https:\/\/web.tfactura.io\/ar\/funcionalidades\/contabilidad',\r\n    'https:\/\/web.tfactura.io\/ar\/funcionalidades\/informes-gestion',\r\n    'https:\/\/web.tfactura.io\/ar\/funcionalidades\/integraciones'\r\n];\r\n\r\ndocument.body.addEventListener('click', function (e) {\r\n    if (e.target.closest('.carousel1 .swiper-slide')){\r\n    let i = e.target.closest('.swiper-slide').getAttribute(\"data-swiper-slide-index\");\r\n    if (links[i].length > 2){\r\n    location = links[i];\r\n    }\r\n    }\r\n});\r\n});\r\n<\/script>\t\t\t\t<\/div>\n\t\t\t\t<\/div>\n\t\t\t\t<div class=\"elementor-element elementor-element-51137d08 elementor-arrows-position-outside carousel1 elementor-widget elementor-widget-image-carousel\" data-id=\"51137d08\" data-element_type=\"widget\" id=\"slider_func\" data-settings=\"{&quot;navigation&quot;:&quot;arrows&quot;,&quot;image_spacing_custom&quot;:{&quot;unit&quot;:&quot;px&quot;,&quot;size&quot;:100,&quot;sizes&quot;:[]},&quot;slides_to_show_mobile&quot;:&quot;1&quot;,&quot;autoplay&quot;:&quot;yes&quot;,&quot;pause_on_hover&quot;:&quot;yes&quot;,&quot;pause_on_interaction&quot;:&quot;yes&quot;,&quot;autoplay_speed&quot;:5000,&quot;infinite&quot;:&quot;yes&quot;,&quot;speed&quot;:500,&quot;image_spacing_custom_tablet&quot;:{&quot;unit&quot;:&quot;px&quot;,&quot;size&quot;:&quot;&quot;,&quot;sizes&quot;:[]}}\" data-widget_type=\"image-carousel.default\">\n\t\t\t\t<div class=\"elementor-widget-container\">\n\t\t\t\t\t\t\t<div class=\"elementor-image-carousel-wrapper swiper\" role=\"region\" aria-roledescription=\"carousel\" aria-label=\"Carrusel de im\u00e1genes\" dir=\"ltr\">\n\t\t\t<div class=\"elementor-image-carousel swiper-wrapper\" aria-live=\"off\">\n\t\t\t\t\t\t\t\t<div class=\"swiper-slide\" role=\"group\" aria-roledescription=\"slide\" aria-label=\"1 of 9\"><figure class=\"swiper-slide-inner\"><img decoding=\"async\" class=\"swiper-slide-image\" src=\"\/wp-content\/uploads\/sites\/6\/2023\/01\/ico_compras.svg\" alt=\"Compras\" \/><figcaption class=\"elementor-image-carousel-caption\">Compras<\/figcaption><\/figure><\/div><div class=\"swiper-slide\" role=\"group\" aria-roledescription=\"slide\" aria-label=\"2 of 9\"><figure class=\"swiper-slide-inner\"><img decoding=\"async\" class=\"swiper-slide-image\" src=\"\/wp-content\/uploads\/sites\/6\/2023\/01\/ico_ventas.svg\" alt=\"Ventas\" \/><figcaption class=\"elementor-image-carousel-caption\">Ventas<\/figcaption><\/figure><\/div><div class=\"swiper-slide\" role=\"group\" aria-roledescription=\"slide\" aria-label=\"3 of 9\"><figure class=\"swiper-slide-inner\"><img decoding=\"async\" class=\"swiper-slide-image\" src=\"\/wp-content\/uploads\/sites\/6\/2023\/01\/ico_stock.svg\" alt=\"Control de Stock\" \/><figcaption class=\"elementor-image-carousel-caption\">Control de Stock<\/figcaption><\/figure><\/div><div class=\"swiper-slide\" role=\"group\" aria-roledescription=\"slide\" aria-label=\"4 of 9\"><figure class=\"swiper-slide-inner\"><img decoding=\"async\" class=\"swiper-slide-image\" src=\"\/wp-content\/uploads\/sites\/6\/2023\/01\/ico_cta-cte.svg\" alt=\"Cuenta Corriente\" \/><figcaption class=\"elementor-image-carousel-caption\">Cuenta Corriente<\/figcaption><\/figure><\/div><div class=\"swiper-slide\" role=\"group\" aria-roledescription=\"slide\" aria-label=\"5 of 9\"><figure class=\"swiper-slide-inner\"><img decoding=\"async\" class=\"swiper-slide-image\" src=\"\/wp-content\/uploads\/sites\/6\/2023\/01\/ico_tesoreria.svg\" alt=\"Tesorer\u00eda\" \/><figcaption class=\"elementor-image-carousel-caption\">Tesorer\u00eda<\/figcaption><\/figure><\/div><div class=\"swiper-slide\" role=\"group\" aria-roledescription=\"slide\" aria-label=\"6 of 9\"><figure class=\"swiper-slide-inner\"><img decoding=\"async\" class=\"swiper-slide-image\" src=\"\/wp-content\/uploads\/sites\/6\/2023\/01\/ico_impuestos.svg\" alt=\"Impuestos\" \/><figcaption class=\"elementor-image-carousel-caption\">Impuestos<\/figcaption><\/figure><\/div><div class=\"swiper-slide\" role=\"group\" aria-roledescription=\"slide\" aria-label=\"7 of 9\"><figure class=\"swiper-slide-inner\"><img decoding=\"async\" class=\"swiper-slide-image\" src=\"\/wp-content\/uploads\/sites\/6\/2023\/01\/ico_contabilidad.svg\" alt=\"Contabilidad\" \/><figcaption class=\"elementor-image-carousel-caption\">Contabilidad<\/figcaption><\/figure><\/div><div class=\"swiper-slide\" role=\"group\" aria-roledescription=\"slide\" aria-label=\"8 of 9\"><figure class=\"swiper-slide-inner\"><img decoding=\"async\" class=\"swiper-slide-image\" src=\"\/wp-content\/uploads\/sites\/6\/2023\/01\/ico_informes-gestion.svg\" alt=\"Informes de Gesti\u00f3n\" \/><figcaption class=\"elementor-image-carousel-caption\">Informes de Gesti\u00f3n<\/figcaption><\/figure><\/div><div class=\"swiper-slide\" role=\"group\" aria-roledescription=\"slide\" aria-label=\"9 of 9\"><figure class=\"swiper-slide-inner\"><img decoding=\"async\" class=\"swiper-slide-image\" src=\"\/wp-content\/uploads\/sites\/6\/2023\/01\/ico_integraciones.svg\" alt=\"Integraciones\" \/><figcaption class=\"elementor-image-carousel-caption\">Integraciones<\/figcaption><\/figure><\/div>\t\t\t<\/div>\n\t\t\t\t\t\t\t\t\t\t\t\t<div class=\"elementor-swiper-button elementor-swiper-button-prev\" role=\"button\" tabindex=\"0\">\n\t\t\t\t\t\t<i aria-hidden=\"true\" class=\"eicon-chevron-left\"><\/i>\t\t\t\t\t<\/div>\n\t\t\t\t\t<div class=\"elementor-swiper-button elementor-swiper-button-next\" role=\"button\" tabindex=\"0\">\n\t\t\t\t\t\t<i aria-hidden=\"true\" class=\"eicon-chevron-right\"><\/i>\t\t\t\t\t<\/div>\n\t\t\t\t\n\t\t\t\t\t\t\t\t\t<\/div>\n\t\t\t\t\t\t<\/div>\n\t\t\t\t<\/div>\n\t\t\t\t\t<\/div>\n\t\t<\/div>\n\t\t\t\t\t<\/div>\n\t\t<\/section>\n\t\t\t\t<\/div>\n\t\t\t\t<\/div>\n\t\t\t\t\t\t<\/div>\n\t\t\t\t<\/div>\n\t\t\t\t\t<\/div>\n\t\t<\/div>\n\t\t\t\t\t<\/div>\n\t\t<\/section>\n\t\t\t\t<\/div>\n\t\t","protected":false},"excerpt":{"rendered":"<p>Ventas Facturas, notas de d\u00e9bito, notas de cr\u00e9dito y recibos-facturas A, B, C, M y T (electr\u00f3nicos y\/o preimpresos). Facturaci\u00f3n autom\u00e1tica para tiendas online. Facturas de cr\u00e9dito electr\u00f3nicas MiPyME (Ley 27440). Facturas de exportaci\u00f3n. Presupuestos con aprobaci\u00f3n y facturaci\u00f3n total o parcial. Impresi\u00f3n de comprobantes en formato ticket (comandera 80 mm) o A4. Env\u00edo autom\u00e1tico [&hellip;]<\/p>\n","protected":false},"author":3,"featured_media":0,"parent":1613,"menu_order":0,"comment_status":"closed","ping_status":"closed","template":"","meta":{"inline_featured_image":false,"site-sidebar-layout":"no-sidebar","site-content-layout":"page-builder","ast-site-content-layout":"default","site-content-style":"default","site-sidebar-style":"default","ast-global-header-display":"","ast-banner-title-visibility":"","ast-main-header-display":"","ast-hfb-above-header-display":"","ast-hfb-below-header-display":"","ast-hfb-mobile-header-display":"","site-post-title":"disabled","ast-breadcrumbs-content":"","ast-featured-img":"disabled","footer-sml-layout":"","theme-transparent-header-meta":"","adv-header-id-meta":"","stick-header-meta":"","header-above-stick-meta":"","header-main-stick-meta":"","header-below-stick-meta":"","astra-migrate-meta-layouts":"default","ast-page-background-enabled":"default","ast-page-background-meta":{"desktop":{"background-color":"var(--ast-global-color-4)","background-image":"","background-repeat":"repeat","background-position":"center center","background-size":"auto","background-attachment":"scroll","background-type":"","background-media":"","overlay-type":"","overlay-color":"","overlay-opacity":"","overlay-gradient":""},"tablet":{"background-color":"","background-image":"","background-repeat":"repeat","background-position":"center center","background-size":"auto","background-attachment":"scroll","background-type":"","background-media":"","overlay-type":"","overlay-color":"","overlay-opacity":"","overlay-gradient":""},"mobile":{"background-color":"","background-image":"","background-repeat":"repeat","background-position":"center center","background-size":"auto","background-attachment":"scroll","background-type":"","background-media":"","overlay-type":"","overlay-color":"","overlay-opacity":"","overlay-gradient":""}},"ast-content-background-meta":{"desktop":{"background-color":"var(--ast-global-color-5)","background-image":"","background-repeat":"repeat","background-position":"center center","background-size":"auto","background-attachment":"scroll","background-type":"","background-media":"","overlay-type":"","overlay-color":"","overlay-opacity":"","overlay-gradient":""},"tablet":{"background-color":"var(--ast-global-color-5)","background-image":"","background-repeat":"repeat","background-position":"center center","background-size":"auto","background-attachment":"scroll","background-type":"","background-media":"","overlay-type":"","overlay-color":"","overlay-opacity":"","overlay-gradient":""},"mobile":{"background-color":"var(--ast-global-color-5)","background-image":"","background-repeat":"repeat","background-position":"center center","background-size":"auto","background-attachment":"scroll","background-type":"","background-media":"","overlay-type":"","overlay-color":"","overlay-opacity":"","overlay-gradient":""}},"footnotes":""},"class_list":["post-1773","page","type-page","status-publish","hentry"],"_links":{"self":[{"href":"https:\/\/web.tfactura.io\/world\/wp-json\/wp\/v2\/pages\/1773","targetHints":{"allow":["GET"]}}],"collection":[{"href":"https:\/\/web.tfactura.io\/world\/wp-json\/wp\/v2\/pages"}],"about":[{"href":"https:\/\/web.tfactura.io\/world\/wp-json\/wp\/v2\/types\/page"}],"author":[{"embeddable":true,"href":"https:\/\/web.tfactura.io\/world\/wp-json\/wp\/v2\/users\/3"}],"replies":[{"embeddable":true,"href":"https:\/\/web.tfactura.io\/world\/wp-json\/wp\/v2\/comments?post=1773"}],"version-history":[{"count":115,"href":"https:\/\/web.tfactura.io\/world\/wp-json\/wp\/v2\/pages\/1773\/revisions"}],"predecessor-version":[{"id":2149,"href":"https:\/\/web.tfactura.io\/world\/wp-json\/wp\/v2\/pages\/1773\/revisions\/2149"}],"up":[{"embeddable":true,"href":"https:\/\/web.tfactura.io\/world\/wp-json\/wp\/v2\/pages\/1613"}],"wp:attachment":[{"href":"https:\/\/web.tfactura.io\/world\/wp-json\/wp\/v2\/media?parent=1773"}],"curies":[{"name":"wp","href":"https:\/\/api.w.org\/{rel}","templated":true}]}}